{"id":10336,"date":"2023-05-19T12:05:41","date_gmt":"2023-05-19T10:05:41","guid":{"rendered":"https:\/\/agcommtech.de\/events-by-and-with-the-ag-commtech\/"},"modified":"2025-10-27T14:32:00","modified_gmt":"2025-10-27T13:32:00","slug":"events-by-and-with-the-ag-commtech","status":"publish","type":"page","link":"https:\/\/agcommtech.de\/en\/events-by-and-with-the-ag-commtech\/","title":{"rendered":"Events by and with the AG CommTech"},"content":{"rendered":"<section class=\"wpb-content-wrapper\"><p>[vc_row full_width=&#8221;stretch_row&#8221; css=&#8221;.vc_custom_1684492440066{margin-top: -100px !important;background-color: #f2f2f2 !important;background-position: center !important;background-repeat: no-repeat !important;background-size: contain !important;}&#8221;][vc_column width=&#8221;2\/3&#8243; css=&#8221;.vc_custom_1684492309074{margin-right: 10% !important;}&#8221;][stm_spacing lg_spacing=&#8221;84&#8243; md_spacing=&#8221;60&#8243; sm_spacing=&#8221;40&#8243; xs_spacing=&#8221;40&#8243;][vc_column_text]In order to benefit from the findings of the <strong><a href=\"https:\/\/agcommtech.de\/en\/initiatives-around-the-topic-of-commtech\/\">initiatives <\/a><\/strong>to as wide an audience as possible, the CommTech WG regularly organizes webinars on a wide range of topics. As a rule, these are published at the beginning of each month in our <strong><a href=\"https:\/\/agcommtech.de\/en\/newsletter\/\">newsletter <\/a><\/strong>so that you have the opportunity to register early. In addition, on this page you will also find other invitations to events such as regional events, cooperation events and the like.<\/p>\n<p>In addition, our members can regularly be found at industry events &#8211; for example, as speakers.[\/vc_column_text][stm_spacing lg_spacing=&#8221;60&#8243; md_spacing=&#8221;60&#8243; sm_spacing=&#8221;40&#8243;][\/vc_column][vc_column width=&#8221;1\/3&#8243;][stm_spacing lg_spacing=&#8221;100&#8243; md_spacing=&#8221;100&#8243;][vc_column_text css=&#8221;.vc_custom_1689155195273{background-color: #ffffff !important;}&#8221;]<\/p>\n<blockquote><p>So that you don&#8217;t miss any event with or from us, you will always find all upcoming dates on this page.<\/p><\/blockquote>\n<p>[\/vc_column_text][stm_spacing lg_spacing=&#8221;60&#8243; md_spacing=&#8221;60&#8243; sm_spacing=&#8221;0&#8243; xs_spacing=&#8221;0&#8243;][\/vc_column][\/vc_row][vc_row css=&#8221;.vc_custom_1686829249585{margin-top: 50px !important;margin-bottom: 50px !important;}&#8221;][vc_column][vc_row_inner css=&#8221;.vc_custom_1686826533055{background-color: #ffffff !important;}&#8221;][vc_column_inner css=&#8221;.vc_custom_1686826528279{padding-right: 25px !important;padding-bottom: 25px !important;padding-left: 25px !important;}&#8221;][vc_custom_heading stripe_pos=&#8221;hide&#8221; text=&#8221;Our dates&#8221; use_theme_fonts=&#8221;yes&#8221; el_class=&#8221;hide_indents&#8221;][vc_empty_space][vc_separator][stm_info_box style=&#8221;style_2&#8243; title=&#8221;Webinar: So ver\u00e4ndert k\u00fcnstliche Intelligenz das Themen- und Reputationsmanagement&#8221; link=&#8221;url:https%3A%2F%2Fwww.imwf.de%2Fportfolio%2Fwebinare%2F|title:Jetzt%20anmelden|target:_blank&#8221;]<em>28.03.2024 \u2013 10:00 bis 11:00 Uhr<\/em><\/p>\n<p>Kommunikationsabteilungen sind traditionell gut informiert, WIEVIEL \u00fcber ihr Unternehmen berichtet wird. Als die Anzahl der Erw\u00e4hnungen, die Reichweite oder die Verteilung \u00fcber die Kan\u00e4le. Was allerdings die wenigsten Kommunikationsentscheider wissen, ist, WOR\u00dcBER zu ihrem Unternehmen und zum Wettbewerb gesprochen wird. Ob es gelingt, seine eigenen strategischen Themen durchzusetzen. Ob es spannende, aufkommende Themen gibt, die man besetzen sollte. Ob das eigene Reputationsprofil tats\u00e4chlich zur Kommunikationsstrategie passt \u2013 oder korrigiert werden sollte. Diese Inhaltsanalysen werden durch k\u00fcnstliche Intelligenz m\u00f6glich, denn diese Technologie codiert kosteng\u00fcnstig abertausende Aussagen \u2013 was fr\u00fcher h\u00e4ndisch gemacht werden musste und deshalb f\u00fcr die allermeisten Kommunikationsabteilungen viel zu teuer war. Wie KI das Themen- und Reputationsmanagement von Unternehmen ver\u00e4ndert, zeigen am 28. M\u00e4rz von 10:00 bis 11:00 Uhr in einem kostenfreien Webinar der AG CommTech:<\/p>\n<ul>\n<li>Martin Reimund, Leitung Themenmanagement bei Union Investment<\/li>\n<li>Thomas Mickeleit, vormals Kommunikationschef bei Microsoft Deutschland und Pionier in der digitalen Kommunikation,<\/li>\n<li>J\u00f6rg Forthmann, Gesch\u00e4ftsf\u00fchrer des IMWF.<\/li>\n<\/ul>\n<p>[\/stm_info_box][vc_separator][stm_info_box style=&#8221;style_2&#8243; title=&#8221;Webinar: Wie KI in der Kommunikation eingesetzt wird \u2013 Beispiele und Best Practices&#8221; link=&#8221;url:https%3A%2F%2Fwww.imwf.de%2Fportfolio%2Fwebinare%2F|title:Jetzt%20anmelden|target:_blank&#8221;]<em>23.04.2024 \u2013 10:00 bis 11:00 Uhr<\/em><\/p>\n<p>75 Prozent der Kommunikatorinnen und Kommunikatoren sehen in der KI eine Chance f\u00fcr ihre Arbeit. Ein Treiber f\u00fcr diesen Optimismus sind ChatGPT &amp; Co. Sie erm\u00f6glichen den schnellen Zugang zu generativer KI \u2013 und schnelle Erfolge. Doch nun geht es darum, KI in die Arbeitsprozesse der Kommunikation zu integrieren und das volle Potenzial dieser Technologie zu bergen. Das ist f\u00fcr viele Kommunikationsabteilungen eine echte Herausforderung. Deshalb wollen wir in einem Webinar der AG CommTech am 23. April von 10:00 bis 11:00 Uhr Beispiele f\u00fcr den KI-Einsatz und Best Practices zeigen. Mit dabei sind:<\/p>\n<ul>\n<li>Dr. Michael Schmidtke, Vice President Content Flow &amp; Digital Channels bei Robert Bosch,<\/li>\n<li>Thomas Mickeleit, vormals Kommunikationschef bei Microsoft Deutschland und Pionier in der digitalen Kommunikation,<\/li>\n<li>J\u00f6rg Forthmann, Gesch\u00e4ftsf\u00fchrer des IMWF.<\/li>\n<\/ul>\n<p>[\/stm_info_box][vc_separator][stm_info_box style=&#8221;style_2&#8243; title=&#8221;CommTech Academy: Summer School &amp; Excellence Forum&#8221; link=&#8221;url:https%3A%2F%2Fwww.eventbrite.de%2Fe%2Fcommtech-academy-summer-school-commtech-academy-excellence-forum-registrierung-840089208437%3Faff%3Doddtdtcreator|title:Jetzt%20anmelden|target:_blank&#8221;]<em>09. &amp; 10. Juli 2024<\/em><\/p>\n<table class=\"paragraph_block block-3\" role=\"presentation\" border=\"0\" width=\"100%\" cellspacing=\"0\" cellpadding=\"10\">\n<tbody>\n<tr>\n<td class=\"pad\">\n<div>\n<p>In der\u00a0<strong>Summer School<\/strong>\u00a0unserer neuen CommTech Academy engagieren wir uns f\u00fcr eine weitere Professionalisierung unseres Berufsstandes: So sind wir\u00a0<strong>am 09. und 10. Juli zu Gast im Audi Forum Ingolstadt\u00a0<\/strong>und freuen uns mit Euch auf ein umfassendes Rahmenprogramm. Ein kurzweiliger Museumsbesuch mit einem Spaziergang durch mehr als hundert Jahre Automobilgeschichte, eine virtuelle Werkf\u00fchrung im AudiStream mit einem live moderierenden Videojockey, spannende Impulsvortr\u00e4ge und Deep Dives in zahlreichen Breakouts erwarten Euch. Wer gleichzeitig die AI-Ausgabe des Excellence Forums am Folgetag in Ingolstadt erleben will, kann sich au\u00dferdem ein preiswertes Kombiticket sichern. Dann bietet sich auch die Teilnahme an der abendlichen Preisverleihung an die CommTech-Champions 2024 an.<\/p>\n<p><strong>Das Programm in K\u00fcrze:<\/strong><\/p>\n<\/div>\n<\/td>\n<\/tr>\n<\/tbody>\n<\/table>\n<table id=\"list-r3c0m3\" class=\"list_block block-4\" role=\"presentation\" border=\"0\" width=\"100%\" cellspacing=\"0\" cellpadding=\"10\">\n<tbody>\n<tr>\n<td class=\"pad\">\n<div class=\"levelOne\">\n<ul class=\"leftList\">\n<li><strong>08. Juli (18:00 Uhr): <\/strong>kostenloser Metaverse-Ausflug in die digitale Werkf\u00fchrung AudiStream, Keynote und Networking<strong>\u00a0<\/strong>(Hinweis: Nur mit vorheriger Anmeldung \u00fcber ein zus\u00e4tzlich zu buchendes, kostenfreies Ticket.)<\/li>\n<li><strong>09. Juli \u2013 morgens (09:00 &#8211; 09:45 Uhr)<\/strong>:<strong>\u00a0<\/strong>kostenlose F\u00fchrung durchs Audi museum mobile (Hinweis: Nur mit vorheriger Anmeldung \u00fcber ein zus\u00e4tzlich zu buchendes, kostenfreies Ticket. Begrenzte Pl\u00e4tze.)<\/li>\n<li><strong>09. Juli \u2013 Hauptprogramm (10:30 &#8211; 17:15 Uhr)<\/strong>: Lern-Impulse von Expert*innen aus allen Clustern der AG CommTech von<strong>\u00a0<\/strong>Stakeholder-Journey \u00fcber Analyse bis Technologie in der CommTech Academy Summer School<\/li>\n<li><strong>09. Juli &#8211; abends (18:00 &#8211; 20:30 Uhr)<\/strong>: Auszeichnung der CommTech-Champions 2024 (Hinweis: Nur mit vorheriger Anmeldung \u00fcber ein zus\u00e4tzlich zu buchendes, kostenfreies Ticket.)<\/li>\n<li><strong>10. Juli \u2013 Hauptprogramm (10:00 &#8211; 17:00 Uhr)<\/strong>:<strong>\u00a0<\/strong>Erleben und Ausprobieren K\u00fcnstlicher Intelligenz als Gast im Excellence Forum<\/li>\n<\/ul>\n<\/div>\n<\/td>\n<\/tr>\n<\/tbody>\n<\/table>\n<p>[\/stm_info_box][vc_separator][\/vc_column_inner][\/vc_row_inner][\/vc_column][\/vc_row][vc_row full_width=&#8221;stretch_row&#8221; el_class=&#8221;third_bg_color&#8221;][vc_column][stm_spacing lg_spacing=&#8221;30&#8243; md_spacing=&#8221;30&#8243; sm_spacing=&#8221;30&#8243; xs_spacing=&#8221;30&#8243;][vc_cta h2=&#8221;Become part of the AG CommTech&#8221; h2_font_container=&#8221;tag:h2|font_size:20px|text_align:left|color:%23ffffff|line_height:24px&#8221; h2_use_theme_fonts=&#8221;yes&#8221; shape=&#8221;square&#8221; style=&#8221;custom&#8221; add_button=&#8221;right&#8221; btn_title=&#8221;Join now&#8221; btn_style=&#8221;flat&#8221; btn_color=&#8221;theme_style_5&#8243; btn_size=&#8221;lg&#8221; btn_align=&#8221;right&#8221; btn_i_align=&#8221;right&#8221; btn_i_icon_fontawesome=&#8221;stm-popup-close&#8221; particles=&#8221;yes&#8221; use_custom_fonts_h2=&#8221;true&#8221; btn_add_icon=&#8221;true&#8221; btn_link=&#8221;url:https%3A%2F%2Fagcommtech.de%2Fen%2Fbecome-a-member-of-the-commtech-ag%2F|title:Become%20a%20member|&#8221; css=&#8221;.vc_custom_1686411512476{margin-bottom: 0px !important;}&#8221; custom_background=&#8221;#009535&#8243; custom_text=&#8221;#274856&#8243; el_class=&#8221;third_bg_color&#8221;][\/vc_cta][stm_spacing lg_spacing=&#8221;0&#8243; md_spacing=&#8221;0&#8243; sm_spacing=&#8221;1&#8243; xs_spacing=&#8221;1&#8243;][\/vc_column][\/vc_row][vc_row full_width=&#8221;stretch_row&#8221; css=&#8221;.vc_custom_1691588797528{margin-bottom: -100px !important;background-color: #ffffff !important;}&#8221;][vc_column width=&#8221;1\/4&#8243;][stm_spacing lg_spacing=&#8221;15&#8243; md_spacing=&#8221;15&#8243; sm_spacing=&#8221;15&#8243; xs_spacing=&#8221;15&#8243;][vc_gallery images=&#8221;11106&#8243; img_size=&#8221;200&#215;100&#8243; onclick=&#8221;custom_link&#8221; custom_links_target=&#8221;_blank&#8221; custom_links=&#8221;#E-8_aHR0cHMlM0ElMkYlMkZ3d3cuaW13Zi5kZSUyRg==&#8221;][\/vc_column][vc_column width=&#8221;1\/4&#8243;][stm_spacing lg_spacing=&#8221;15&#8243; md_spacing=&#8221;15&#8243; sm_spacing=&#8221;15&#8243; xs_spacing=&#8221;15&#8243;][vc_gallery images=&#8221;11085&#8243; img_size=&#8221;200&#215;100&#8243; onclick=&#8221;custom_link&#8221; custom_links_target=&#8221;_blank&#8221; custom_links=&#8221;#E-8_aHR0cHMlM0ElMkYlMkZ3d3cucHJlc3NyZWxhdGlvbnMuY29tJTJGZGUlMkYlM0ZnY2xpZCUzRENqd0tDQWp3X2FlbUJoQkxFaXdBVDk4Rk1nSTJiZmZHaWdjc3ZfQmtoYVFXc3d2V3c5MlZ3ZEZ5YVNOOFBnRjV3YWZfZXBsb0EtMWdhQm9DRDhVUUF2RF9Cd0U=&#8221;][\/vc_column][vc_column width=&#8221;1\/4&#8243;][stm_spacing lg_spacing=&#8221;15&#8243; md_spacing=&#8221;15&#8243; sm_spacing=&#8221;15&#8243; xs_spacing=&#8221;15&#8243;][vc_gallery images=&#8221;11087&#8243; img_size=&#8221;200&#215;100&#8243; onclick=&#8221;custom_link&#8221; custom_links_target=&#8221;_blank&#8221; custom_links=&#8221;#E-8_aHR0cHMlM0ElMkYlMkZ3d3cueWVzc3ByZXNzLmNvbSUyRg==&#8221;][\/vc_column][vc_column width=&#8221;1\/4&#8243;][stm_spacing lg_spacing=&#8221;15&#8243; md_spacing=&#8221;15&#8243; sm_spacing=&#8221;15&#8243; xs_spacing=&#8221;15&#8243;][vc_gallery images=&#8221;11083&#8243; img_size=&#8221;200&#215;100&#8243; onclick=&#8221;custom_link&#8221; custom_links_target=&#8221;_blank&#8221; custom_links=&#8221;#E-8_aHR0cHMlM0ElMkYlMkZ3d3cuYXVkaS5kZSUyRmRlJTJGYnJhbmQlMkZkZSUyRmhhZW5kbGVyc3VjaGUuaHRtbCUzRmNzcmVmJTNEc2VhJTNBY2RpJTNBNTI0MDYxMDczNTNfYXVkLTMzODEwNjQ3ODUwMCUzQWt3ZC0zMDc0NTA2ODA2ODIlMjZnY2xpZCUzRENqd0tDQWp3X2FlbUJoQkxFaXdBVDk4Rk1rX1N6T1Bmd3dSaWVmUExLNmxkQkFTVzBTVlJEXzFhbGUyNUNadlRsV1owM2txVlRzUUl1eG9DcTNJUUF2RF9Cd0UlMjZnY2xzcmMlM0Rhdy5kcw==&#8221;][\/vc_column][\/vc_row]<\/p>\n<\/section>","protected":false},"excerpt":{"rendered":"<p>[vc_row full_width=&#8221;stretch_row&#8221; css=&#8221;.vc_custom_1684492440066{margin-top: -100px !important;background-color: #f2f2f2 !important;background-position: center !important;background-repeat: no-repeat !important;background-size: contain !important;}&#8221;][vc_column width=&#8221;2\/3&#8243; css=&#8221;.vc_custom_1684492309074{margin-right: 10% !important;}&#8221;][stm_spacing lg_spacing=&#8221;84&#8243; md_spacing=&#8221;60&#8243; sm_spacing=&#8221;40&#8243; xs_spacing=&#8221;40&#8243;][vc_column_text]In order to benefit from the findings of the initiatives to as wide an audience as possible, the CommTech WG regularly organizes webinars on a wide range of topics. As a rule, these are published<\/p>\n","protected":false},"author":1,"featured_media":0,"parent":0,"menu_order":0,"comment_status":"closed","ping_status":"closed","template":"","meta":{"footnotes":""},"class_list":["post-10336","page","type-page","status-publish","hentry"],"yoast_head":"<!-- This site is optimized with the Yoast SEO plugin v27.4 - https:\/\/yoast.com\/product\/yoast-seo-wordpress\/ -->\n<title>Events by and with the AG CommTech - AG CommTech<\/title>\n<meta name=\"description\" content=\"Share insights from initiatives via regular webinars | Info in newsletter | Invitations to events &amp; collaborative events.\" \/>\n<meta name=\"robots\" content=\"index, follow, max-snippet:-1, max-image-preview:large, max-video-preview:-1\" \/>\n<link rel=\"canonical\" href=\"https:\/\/agcommtech.de\/en\/events-by-and-with-the-ag-commtech\/\" \/>\n<meta property=\"og:locale\" content=\"en_US\" \/>\n<meta property=\"og:type\" content=\"article\" \/>\n<meta property=\"og:title\" content=\"Events by and with the AG CommTech - AG CommTech\" \/>\n<meta property=\"og:description\" content=\"Share insights from initiatives via regular webinars | Info in newsletter | Invitations to events &amp; collaborative events.\" \/>\n<meta property=\"og:url\" content=\"https:\/\/agcommtech.de\/en\/events-by-and-with-the-ag-commtech\/\" \/>\n<meta property=\"og:site_name\" content=\"AG CommTech\" \/>\n<meta property=\"article:modified_time\" content=\"2025-10-27T13:32:00+00:00\" \/>\n<meta name=\"twitter:card\" content=\"summary_large_image\" \/>\n<meta name=\"twitter:label1\" content=\"Est. reading time\" \/>\n\t<meta name=\"twitter:data1\" content=\"5 minutes\" \/>\n<script type=\"application\/ld+json\" class=\"yoast-schema-graph\">{\"@context\":\"https:\\\/\\\/schema.org\",\"@graph\":[{\"@type\":\"WebPage\",\"@id\":\"https:\\\/\\\/agcommtech.de\\\/en\\\/events-by-and-with-the-ag-commtech\\\/\",\"url\":\"https:\\\/\\\/agcommtech.de\\\/en\\\/events-by-and-with-the-ag-commtech\\\/\",\"name\":\"Events by and with the AG CommTech - AG CommTech\",\"isPartOf\":{\"@id\":\"https:\\\/\\\/agcommtech.de\\\/en\\\/#website\"},\"datePublished\":\"2023-05-19T10:05:41+00:00\",\"dateModified\":\"2025-10-27T13:32:00+00:00\",\"description\":\"Share insights from initiatives via regular webinars | Info in newsletter | Invitations to events & collaborative events.\",\"breadcrumb\":{\"@id\":\"https:\\\/\\\/agcommtech.de\\\/en\\\/events-by-and-with-the-ag-commtech\\\/#breadcrumb\"},\"inLanguage\":\"en-US\",\"potentialAction\":[{\"@type\":\"ReadAction\",\"target\":[\"https:\\\/\\\/agcommtech.de\\\/en\\\/events-by-and-with-the-ag-commtech\\\/\"]}]},{\"@type\":\"BreadcrumbList\",\"@id\":\"https:\\\/\\\/agcommtech.de\\\/en\\\/events-by-and-with-the-ag-commtech\\\/#breadcrumb\",\"itemListElement\":[{\"@type\":\"ListItem\",\"position\":1,\"name\":\"Startseite\",\"item\":\"https:\\\/\\\/agcommtech.de\\\/en\\\/ag-commtech\\\/\"},{\"@type\":\"ListItem\",\"position\":2,\"name\":\"Events by and with the AG CommTech\"}]},{\"@type\":\"WebSite\",\"@id\":\"https:\\\/\\\/agcommtech.de\\\/en\\\/#website\",\"url\":\"https:\\\/\\\/agcommtech.de\\\/en\\\/\",\"name\":\"AG CommTech\",\"description\":\"\",\"publisher\":{\"@id\":\"https:\\\/\\\/agcommtech.de\\\/en\\\/#organization\"},\"potentialAction\":[{\"@type\":\"SearchAction\",\"target\":{\"@type\":\"EntryPoint\",\"urlTemplate\":\"https:\\\/\\\/agcommtech.de\\\/en\\\/?s={search_term_string}\"},\"query-input\":{\"@type\":\"PropertyValueSpecification\",\"valueRequired\":true,\"valueName\":\"search_term_string\"}}],\"inLanguage\":\"en-US\"},{\"@type\":\"Organization\",\"@id\":\"https:\\\/\\\/agcommtech.de\\\/en\\\/#organization\",\"name\":\"AG CommTech\",\"url\":\"https:\\\/\\\/agcommtech.de\\\/en\\\/\",\"logo\":{\"@type\":\"ImageObject\",\"inLanguage\":\"en-US\",\"@id\":\"https:\\\/\\\/agcommtech.de\\\/en\\\/#\\\/schema\\\/logo\\\/image\\\/\",\"url\":\"https:\\\/\\\/agcommtech.de\\\/wp-content\\\/uploads\\\/2023\\\/05\\\/IMWF_220617_CommTech-Logo.png\",\"contentUrl\":\"https:\\\/\\\/agcommtech.de\\\/wp-content\\\/uploads\\\/2023\\\/05\\\/IMWF_220617_CommTech-Logo.png\",\"width\":1795,\"height\":691,\"caption\":\"AG CommTech\"},\"image\":{\"@id\":\"https:\\\/\\\/agcommtech.de\\\/en\\\/#\\\/schema\\\/logo\\\/image\\\/\"}}]}<\/script>\n<!-- \/ Yoast SEO plugin. -->","yoast_head_json":{"title":"Events by and with the AG CommTech - AG CommTech","description":"Share insights from initiatives via regular webinars | Info in newsletter | Invitations to events & collaborative events.","robots":{"index":"index","follow":"follow","max-snippet":"max-snippet:-1","max-image-preview":"max-image-preview:large","max-video-preview":"max-video-preview:-1"},"canonical":"https:\/\/agcommtech.de\/en\/events-by-and-with-the-ag-commtech\/","og_locale":"en_US","og_type":"article","og_title":"Events by and with the AG CommTech - AG CommTech","og_description":"Share insights from initiatives via regular webinars | Info in newsletter | Invitations to events & collaborative events.","og_url":"https:\/\/agcommtech.de\/en\/events-by-and-with-the-ag-commtech\/","og_site_name":"AG CommTech","article_modified_time":"2025-10-27T13:32:00+00:00","twitter_card":"summary_large_image","twitter_misc":{"Est. reading time":"5 minutes"},"schema":{"@context":"https:\/\/schema.org","@graph":[{"@type":"WebPage","@id":"https:\/\/agcommtech.de\/en\/events-by-and-with-the-ag-commtech\/","url":"https:\/\/agcommtech.de\/en\/events-by-and-with-the-ag-commtech\/","name":"Events by and with the AG CommTech - AG CommTech","isPartOf":{"@id":"https:\/\/agcommtech.de\/en\/#website"},"datePublished":"2023-05-19T10:05:41+00:00","dateModified":"2025-10-27T13:32:00+00:00","description":"Share insights from initiatives via regular webinars | Info in newsletter | Invitations to events & collaborative events.","breadcrumb":{"@id":"https:\/\/agcommtech.de\/en\/events-by-and-with-the-ag-commtech\/#breadcrumb"},"inLanguage":"en-US","potentialAction":[{"@type":"ReadAction","target":["https:\/\/agcommtech.de\/en\/events-by-and-with-the-ag-commtech\/"]}]},{"@type":"BreadcrumbList","@id":"https:\/\/agcommtech.de\/en\/events-by-and-with-the-ag-commtech\/#breadcrumb","itemListElement":[{"@type":"ListItem","position":1,"name":"Startseite","item":"https:\/\/agcommtech.de\/en\/ag-commtech\/"},{"@type":"ListItem","position":2,"name":"Events by and with the AG CommTech"}]},{"@type":"WebSite","@id":"https:\/\/agcommtech.de\/en\/#website","url":"https:\/\/agcommtech.de\/en\/","name":"AG CommTech","description":"","publisher":{"@id":"https:\/\/agcommtech.de\/en\/#organization"},"potentialAction":[{"@type":"SearchAction","target":{"@type":"EntryPoint","urlTemplate":"https:\/\/agcommtech.de\/en\/?s={search_term_string}"},"query-input":{"@type":"PropertyValueSpecification","valueRequired":true,"valueName":"search_term_string"}}],"inLanguage":"en-US"},{"@type":"Organization","@id":"https:\/\/agcommtech.de\/en\/#organization","name":"AG CommTech","url":"https:\/\/agcommtech.de\/en\/","logo":{"@type":"ImageObject","inLanguage":"en-US","@id":"https:\/\/agcommtech.de\/en\/#\/schema\/logo\/image\/","url":"https:\/\/agcommtech.de\/wp-content\/uploads\/2023\/05\/IMWF_220617_CommTech-Logo.png","contentUrl":"https:\/\/agcommtech.de\/wp-content\/uploads\/2023\/05\/IMWF_220617_CommTech-Logo.png","width":1795,"height":691,"caption":"AG CommTech"},"image":{"@id":"https:\/\/agcommtech.de\/en\/#\/schema\/logo\/image\/"}}]}},"_links":{"self":[{"href":"https:\/\/agcommtech.de\/en\/wp-json\/wp\/v2\/pages\/10336","targetHints":{"allow":["GET"]}}],"collection":[{"href":"https:\/\/agcommtech.de\/en\/wp-json\/wp\/v2\/pages"}],"about":[{"href":"https:\/\/agcommtech.de\/en\/wp-json\/wp\/v2\/types\/page"}],"author":[{"embeddable":true,"href":"https:\/\/agcommtech.de\/en\/wp-json\/wp\/v2\/users\/1"}],"replies":[{"embeddable":true,"href":"https:\/\/agcommtech.de\/en\/wp-json\/wp\/v2\/comments?post=10336"}],"version-history":[{"count":96,"href":"https:\/\/agcommtech.de\/en\/wp-json\/wp\/v2\/pages\/10336\/revisions"}],"predecessor-version":[{"id":15336,"href":"https:\/\/agcommtech.de\/en\/wp-json\/wp\/v2\/pages\/10336\/revisions\/15336"}],"wp:attachment":[{"href":"https:\/\/agcommtech.de\/en\/wp-json\/wp\/v2\/media?parent=10336"}],"curies":[{"name":"wp","href":"https:\/\/api.w.org\/{rel}","templated":true}]}}